{"id":85,"date":"2010-11-15T16:50:46","date_gmt":"2010-11-15T15:50:46","guid":{"rendered":"http:\/\/beton-dekoracyjny.pl\/?page_id=85"},"modified":"2012-12-19T14:55:37","modified_gmt":"2012-12-19T13:55:37","slug":"beton-dekoracyjny","status":"publish","type":"page","link":"https:\/\/floorsystems.pl\/index.php\/oferta\/beton-dekoracyjny\/","title":{"rendered":"Beton Dekoracyjny"},"content":{"rendered":"<p>W mieszkaniu, biurze, restauracji b\u0105d\u017a sklepie, pod\u0142oga stanowi jeden z najwa\u017cniejszych element\u00f3w wyko\u0144czenia wn\u0119trza. Wp\u0142ywa na komfort u\u017cytkowania, nadaje pomieszczeniu charakter i styl. Dlatego dob\u00f3r materia\u0142u, koloru, wzoru przy jej projektowaniu, zwi\u0105zany jest z istotnymi i nie zawsze \u0142atwymi decyzjami. Propozycja firmy IFS brzmi \u2013 Superfloor<\/p>\n<p>Rezultat ko\u0144cowy jest dla nas niezwykle wa\u017cny. Gwarantujemy, \u017ce nasze posadzki b\u0119d\u0105 spe\u0142nia\u0107 najwy\u017csze wymogi jako\u015bciowe w zakresie funkcjonalno\u015bci, wytrzyma\u0142o\u015bci, trwa\u0142o\u015bci, wygl\u0105du i koloru. Rezultat ko\u0144cowy jest dla nas niezwykle wa\u017cny. Gwarantujemy, \u017ce nasze posadzki b\u0119d\u0105 spe\u0142nia\u0107 najwy\u017csze wymogi jako\u015bciowe w zakresie funkcjonalno\u015bci, wytrzyma\u0142o\u015bci, trwa\u0142o\u015bci, wygl\u0105du i koloru.<\/p>\n<p>Zapraszamy na nasz\u0105 stron\u0119 dedykowan\u0105 klientom indywidualnym: <strong><a href=\"http:\/\/beton-dekoracyjny.pl\">Beton Dekoracyjny<\/a><\/strong><\/p>\n","protected":false},"excerpt":{"rendered":"<p>W mieszkaniu, biurze, restauracji b\u0105d\u017a sklepie, pod\u0142oga stanowi jeden z najwa\u017cniejszych element\u00f3w wyko\u0144czenia wn\u0119trza. Wp\u0142ywa na komfort u\u017cytkowania, nadaje pomieszczeniu charakter i styl. Dlatego dob\u00f3r materia\u0142u, koloru, wzoru przy jej projektowaniu, zwi\u0105zany jest z istotnymi i nie zawsze \u0142atwymi decyzjami. Propozycja firmy IFS brzmi \u2013 Superfloor Rezultat ko\u0144cowy jest dla nas niezwykle wa\u017cny. Gwarantujemy, \u017ce [&hellip;]<\/p>\n","protected":false},"author":1,"featured_media":0,"parent":10,"menu_order":19,"comment_status":"closed","ping_status":"closed","template":"","meta":{"footnotes":""},"class_list":["post-85","page","type-page","status-publish","hentry"],"yoast_head":"<!-- This site is optimized with the Yoast SEO plugin v27.2 - https:\/\/yoast.com\/product\/yoast-seo-wordpress\/ -->\n<title>Beton Dekoracyjny - Posadzki Przemys\u0142owe - Industrial Floor Systems<\/title>\n<meta name=\"description\" content=\"Posadzki przemys\u0142owe Superfloor\" \/>\n<meta name=\"robots\" content=\"index, follow, max-snippet:-1, max-image-preview:large, max-video-preview:-1\" \/>\n<link rel=\"canonical\" href=\"https:\/\/floorsystems.pl\/index.php\/oferta\/beton-dekoracyjny\/\" \/>\n<meta property=\"og:locale\" content=\"en_US\" \/>\n<meta property=\"og:type\" content=\"article\" \/>\n<meta property=\"og:title\" content=\"Beton Dekoracyjny - Posadzki Przemys\u0142owe - Industrial Floor Systems\" \/>\n<meta property=\"og:description\" content=\"Posadzki przemys\u0142owe Superfloor\" \/>\n<meta property=\"og:url\" content=\"https:\/\/floorsystems.pl\/index.php\/oferta\/beton-dekoracyjny\/\" \/>\n<meta property=\"og:site_name\" content=\"Posadzki Przemys\u0142owe - Industrial Floor Systems\" \/>\n<meta property=\"article:modified_time\" content=\"2012-12-19T13:55:37+00:00\" \/>\n<meta name=\"twitter:card\" content=\"summary_large_image\" \/>\n<meta name=\"twitter:label1\" content=\"Est. reading time\" \/>\n\t<meta name=\"twitter:data1\" content=\"1 minute\" \/>\n<script type=\"application\/ld+json\" class=\"yoast-schema-graph\">{\"@context\":\"https:\/\/schema.org\",\"@graph\":[{\"@type\":\"WebPage\",\"@id\":\"https:\/\/floorsystems.pl\/index.php\/oferta\/beton-dekoracyjny\/\",\"url\":\"https:\/\/floorsystems.pl\/index.php\/oferta\/beton-dekoracyjny\/\",\"name\":\"Beton Dekoracyjny - Posadzki Przemys\u0142owe - Industrial Floor Systems\",\"isPartOf\":{\"@id\":\"https:\/\/floorsystems.pl\/#website\"},\"datePublished\":\"2010-11-15T15:50:46+00:00\",\"dateModified\":\"2012-12-19T13:55:37+00:00\",\"description\":\"Posadzki przemys\u0142owe Superfloor\",\"breadcrumb\":{\"@id\":\"https:\/\/floorsystems.pl\/index.php\/oferta\/beton-dekoracyjny\/#breadcrumb\"},\"inLanguage\":\"en-US\",\"potentialAction\":[{\"@type\":\"ReadAction\",\"target\":[\"https:\/\/floorsystems.pl\/index.php\/oferta\/beton-dekoracyjny\/\"]}]},{\"@type\":\"BreadcrumbList\",\"@id\":\"https:\/\/floorsystems.pl\/index.php\/oferta\/beton-dekoracyjny\/#breadcrumb\",\"itemListElement\":[{\"@type\":\"ListItem\",\"position\":1,\"name\":\"Home\",\"item\":\"https:\/\/floorsystems.pl\/\"},{\"@type\":\"ListItem\",\"position\":2,\"name\":\"Oferta\",\"item\":\"https:\/\/floorsystems.pl\/index.php\/oferta\/\"},{\"@type\":\"ListItem\",\"position\":3,\"name\":\"Beton Dekoracyjny\"}]},{\"@type\":\"WebSite\",\"@id\":\"https:\/\/floorsystems.pl\/#website\",\"url\":\"https:\/\/floorsystems.pl\/\",\"name\":\"Posadzki Przemys\u0142owe - Industrial Floor Systems\",\"description\":\"Posadzki Przemys\u0142owe\",\"publisher\":{\"@id\":\"https:\/\/floorsystems.pl\/#organization\"},\"potentialAction\":[{\"@type\":\"SearchAction\",\"target\":{\"@type\":\"EntryPoint\",\"urlTemplate\":\"https:\/\/floorsystems.pl\/?s={search_term_string}\"},\"query-input\":{\"@type\":\"PropertyValueSpecification\",\"valueRequired\":true,\"valueName\":\"search_term_string\"}}],\"inLanguage\":\"en-US\"},{\"@type\":\"Organization\",\"@id\":\"https:\/\/floorsystems.pl\/#organization\",\"name\":\"INDUSTRIAL FLOOR SYSTEMS\",\"url\":\"https:\/\/floorsystems.pl\/\",\"logo\":{\"@type\":\"ImageObject\",\"inLanguage\":\"en-US\",\"@id\":\"https:\/\/floorsystems.pl\/#\/schema\/logo\/image\/\",\"url\":\"https:\/\/floorsystems.pl\/wp-content\/uploads\/2016\/01\/posadzki_przemyslowe_logo.png\",\"contentUrl\":\"https:\/\/floorsystems.pl\/wp-content\/uploads\/2016\/01\/posadzki_przemyslowe_logo.png\",\"width\":300,\"height\":83,\"caption\":\"INDUSTRIAL FLOOR SYSTEMS\"},\"image\":{\"@id\":\"https:\/\/floorsystems.pl\/#\/schema\/logo\/image\/\"}}]}<\/script>\n<!-- \/ Yoast SEO plugin. -->","yoast_head_json":{"title":"Beton Dekoracyjny - Posadzki Przemys\u0142owe - Industrial Floor Systems","description":"Posadzki przemys\u0142owe Superfloor","robots":{"index":"index","follow":"follow","max-snippet":"max-snippet:-1","max-image-preview":"max-image-preview:large","max-video-preview":"max-video-preview:-1"},"canonical":"https:\/\/floorsystems.pl\/index.php\/oferta\/beton-dekoracyjny\/","og_locale":"en_US","og_type":"article","og_title":"Beton Dekoracyjny - Posadzki Przemys\u0142owe - Industrial Floor Systems","og_description":"Posadzki przemys\u0142owe Superfloor","og_url":"https:\/\/floorsystems.pl\/index.php\/oferta\/beton-dekoracyjny\/","og_site_name":"Posadzki Przemys\u0142owe - Industrial Floor Systems","article_modified_time":"2012-12-19T13:55:37+00:00","twitter_card":"summary_large_image","twitter_misc":{"Est. reading time":"1 minute"},"schema":{"@context":"https:\/\/schema.org","@graph":[{"@type":"WebPage","@id":"https:\/\/floorsystems.pl\/index.php\/oferta\/beton-dekoracyjny\/","url":"https:\/\/floorsystems.pl\/index.php\/oferta\/beton-dekoracyjny\/","name":"Beton Dekoracyjny - Posadzki Przemys\u0142owe - Industrial Floor Systems","isPartOf":{"@id":"https:\/\/floorsystems.pl\/#website"},"datePublished":"2010-11-15T15:50:46+00:00","dateModified":"2012-12-19T13:55:37+00:00","description":"Posadzki przemys\u0142owe Superfloor","breadcrumb":{"@id":"https:\/\/floorsystems.pl\/index.php\/oferta\/beton-dekoracyjny\/#breadcrumb"},"inLanguage":"en-US","potentialAction":[{"@type":"ReadAction","target":["https:\/\/floorsystems.pl\/index.php\/oferta\/beton-dekoracyjny\/"]}]},{"@type":"BreadcrumbList","@id":"https:\/\/floorsystems.pl\/index.php\/oferta\/beton-dekoracyjny\/#breadcrumb","itemListElement":[{"@type":"ListItem","position":1,"name":"Home","item":"https:\/\/floorsystems.pl\/"},{"@type":"ListItem","position":2,"name":"Oferta","item":"https:\/\/floorsystems.pl\/index.php\/oferta\/"},{"@type":"ListItem","position":3,"name":"Beton Dekoracyjny"}]},{"@type":"WebSite","@id":"https:\/\/floorsystems.pl\/#website","url":"https:\/\/floorsystems.pl\/","name":"Posadzki Przemys\u0142owe - Industrial Floor Systems","description":"Posadzki Przemys\u0142owe","publisher":{"@id":"https:\/\/floorsystems.pl\/#organization"},"potentialAction":[{"@type":"SearchAction","target":{"@type":"EntryPoint","urlTemplate":"https:\/\/floorsystems.pl\/?s={search_term_string}"},"query-input":{"@type":"PropertyValueSpecification","valueRequired":true,"valueName":"search_term_string"}}],"inLanguage":"en-US"},{"@type":"Organization","@id":"https:\/\/floorsystems.pl\/#organization","name":"INDUSTRIAL FLOOR SYSTEMS","url":"https:\/\/floorsystems.pl\/","logo":{"@type":"ImageObject","inLanguage":"en-US","@id":"https:\/\/floorsystems.pl\/#\/schema\/logo\/image\/","url":"https:\/\/floorsystems.pl\/wp-content\/uploads\/2016\/01\/posadzki_przemyslowe_logo.png","contentUrl":"https:\/\/floorsystems.pl\/wp-content\/uploads\/2016\/01\/posadzki_przemyslowe_logo.png","width":300,"height":83,"caption":"INDUSTRIAL FLOOR SYSTEMS"},"image":{"@id":"https:\/\/floorsystems.pl\/#\/schema\/logo\/image\/"}}]}},"_links":{"self":[{"href":"https:\/\/floorsystems.pl\/index.php\/wp-json\/wp\/v2\/pages\/85","targetHints":{"allow":["GET"]}}],"collection":[{"href":"https:\/\/floorsystems.pl\/index.php\/wp-json\/wp\/v2\/pages"}],"about":[{"href":"https:\/\/floorsystems.pl\/index.php\/wp-json\/wp\/v2\/types\/page"}],"author":[{"embeddable":true,"href":"https:\/\/floorsystems.pl\/index.php\/wp-json\/wp\/v2\/users\/1"}],"replies":[{"embeddable":true,"href":"https:\/\/floorsystems.pl\/index.php\/wp-json\/wp\/v2\/comments?post=85"}],"version-history":[{"count":11,"href":"https:\/\/floorsystems.pl\/index.php\/wp-json\/wp\/v2\/pages\/85\/revisions"}],"predecessor-version":[{"id":444,"href":"https:\/\/floorsystems.pl\/index.php\/wp-json\/wp\/v2\/pages\/85\/revisions\/444"}],"up":[{"embeddable":true,"href":"https:\/\/floorsystems.pl\/index.php\/wp-json\/wp\/v2\/pages\/10"}],"wp:attachment":[{"href":"https:\/\/floorsystems.pl\/index.php\/wp-json\/wp\/v2\/media?parent=85"}],"curies":[{"name":"wp","href":"https:\/\/api.w.org\/{rel}","templated":true}]}}