{"id":56,"date":"2010-11-09T15:34:03","date_gmt":"2010-11-09T14:34:03","guid":{"rendered":"http:\/\/beton-dekoracyjny.pl\/?page_id=56"},"modified":"2011-01-23T23:51:29","modified_gmt":"2011-01-23T22:51:29","slug":"superfloor-gold","status":"publish","type":"page","link":"https:\/\/floorsystems.pl\/index.php\/superfloor\/superfloor-gold\/","title":{"rendered":"Superfloor\u2122 Gold"},"content":{"rendered":"<p>Wykorzystuj\u0105c koncepcj\u0119 <strong>Gold<\/strong>, nie szlifujemy w g\u0142\u0105b betonu, tak jak w koncepcji <strong>Platinum<\/strong>.\u00a0Podobnie jak w pozosta\u0142ych koncepcjach polerujemy pod\u0142og\u0119 przy u\u017cyciu \u00a0HTC Twister \u2122 do osi\u0105gni\u0119cia po\u0142ysku, kt\u00f3ry jest prawie tak dobry jak w koncepcji Platinum.\u00a0Gold daje pod\u0142odze doskona\u0142\u0105 odporno\u015bci\u0105 na \u015blady od k\u00f3\u0142 samochod\u00f3w ci\u0119\u017carowych, itp. Superfloor \u2122 Gold jest idealny dla posadzek betonowych, kt\u00f3re s\u0105 w dobrym stanie.<\/p>\n","protected":false},"excerpt":{"rendered":"<p>Wykorzystuj\u0105c koncepcj\u0119 Gold, nie szlifujemy w g\u0142\u0105b betonu, tak jak w koncepcji Platinum.\u00a0Podobnie jak w pozosta\u0142ych koncepcjach polerujemy pod\u0142og\u0119 przy u\u017cyciu \u00a0HTC Twister \u2122 do osi\u0105gni\u0119cia po\u0142ysku, kt\u00f3ry jest prawie tak dobry jak w koncepcji Platinum.\u00a0Gold daje pod\u0142odze doskona\u0142\u0105 odporno\u015bci\u0105 na \u015blady od k\u00f3\u0142 samochod\u00f3w ci\u0119\u017carowych, itp. Superfloor \u2122 Gold jest idealny dla posadzek betonowych, [&hellip;]<\/p>\n","protected":false},"author":1,"featured_media":0,"parent":30,"menu_order":21,"comment_status":"closed","ping_status":"closed","template":"","meta":{"footnotes":""},"class_list":["post-56","page","type-page","status-publish","hentry"],"yoast_head":"<!-- This site is optimized with the Yoast SEO plugin v27.2 - https:\/\/yoast.com\/product\/yoast-seo-wordpress\/ -->\n<title>Superfloor\u2122 Gold - Posadzki Przemys\u0142owe - Industrial Floor Systems<\/title>\n<meta name=\"description\" content=\"Posadzki przemys\u0142owe Superfloor\" \/>\n<meta name=\"robots\" content=\"index, follow, max-snippet:-1, max-image-preview:large, max-video-preview:-1\" \/>\n<link rel=\"canonical\" href=\"https:\/\/floorsystems.pl\/index.php\/superfloor\/superfloor-gold\/\" \/>\n<meta property=\"og:locale\" content=\"en_US\" \/>\n<meta property=\"og:type\" content=\"article\" \/>\n<meta property=\"og:title\" content=\"Superfloor\u2122 Gold - Posadzki Przemys\u0142owe - Industrial Floor Systems\" \/>\n<meta property=\"og:description\" content=\"Posadzki przemys\u0142owe Superfloor\" \/>\n<meta property=\"og:url\" content=\"https:\/\/floorsystems.pl\/index.php\/superfloor\/superfloor-gold\/\" \/>\n<meta property=\"og:site_name\" content=\"Posadzki Przemys\u0142owe - Industrial Floor Systems\" \/>\n<meta property=\"article:modified_time\" content=\"2011-01-23T22:51:29+00:00\" \/>\n<meta name=\"twitter:card\" content=\"summary_large_image\" \/>\n<script type=\"application\/ld+json\" class=\"yoast-schema-graph\">{\"@context\":\"https:\/\/schema.org\",\"@graph\":[{\"@type\":\"WebPage\",\"@id\":\"https:\/\/floorsystems.pl\/index.php\/superfloor\/superfloor-gold\/\",\"url\":\"https:\/\/floorsystems.pl\/index.php\/superfloor\/superfloor-gold\/\",\"name\":\"Superfloor\u2122 Gold - Posadzki Przemys\u0142owe - Industrial Floor Systems\",\"isPartOf\":{\"@id\":\"https:\/\/floorsystems.pl\/#website\"},\"datePublished\":\"2010-11-09T14:34:03+00:00\",\"dateModified\":\"2011-01-23T22:51:29+00:00\",\"description\":\"Posadzki przemys\u0142owe Superfloor\",\"breadcrumb\":{\"@id\":\"https:\/\/floorsystems.pl\/index.php\/superfloor\/superfloor-gold\/#breadcrumb\"},\"inLanguage\":\"en-US\",\"potentialAction\":[{\"@type\":\"ReadAction\",\"target\":[\"https:\/\/floorsystems.pl\/index.php\/superfloor\/superfloor-gold\/\"]}]},{\"@type\":\"BreadcrumbList\",\"@id\":\"https:\/\/floorsystems.pl\/index.php\/superfloor\/superfloor-gold\/#breadcrumb\",\"itemListElement\":[{\"@type\":\"ListItem\",\"position\":1,\"name\":\"Home\",\"item\":\"https:\/\/floorsystems.pl\/\"},{\"@type\":\"ListItem\",\"position\":2,\"name\":\"Superfloor\",\"item\":\"https:\/\/floorsystems.pl\/index.php\/superfloor\/\"},{\"@type\":\"ListItem\",\"position\":3,\"name\":\"Superfloor\u2122 Gold\"}]},{\"@type\":\"WebSite\",\"@id\":\"https:\/\/floorsystems.pl\/#website\",\"url\":\"https:\/\/floorsystems.pl\/\",\"name\":\"Posadzki Przemys\u0142owe - Industrial Floor Systems\",\"description\":\"Posadzki Przemys\u0142owe\",\"publisher\":{\"@id\":\"https:\/\/floorsystems.pl\/#organization\"},\"potentialAction\":[{\"@type\":\"SearchAction\",\"target\":{\"@type\":\"EntryPoint\",\"urlTemplate\":\"https:\/\/floorsystems.pl\/?s={search_term_string}\"},\"query-input\":{\"@type\":\"PropertyValueSpecification\",\"valueRequired\":true,\"valueName\":\"search_term_string\"}}],\"inLanguage\":\"en-US\"},{\"@type\":\"Organization\",\"@id\":\"https:\/\/floorsystems.pl\/#organization\",\"name\":\"INDUSTRIAL FLOOR SYSTEMS\",\"url\":\"https:\/\/floorsystems.pl\/\",\"logo\":{\"@type\":\"ImageObject\",\"inLanguage\":\"en-US\",\"@id\":\"https:\/\/floorsystems.pl\/#\/schema\/logo\/image\/\",\"url\":\"https:\/\/floorsystems.pl\/wp-content\/uploads\/2016\/01\/posadzki_przemyslowe_logo.png\",\"contentUrl\":\"https:\/\/floorsystems.pl\/wp-content\/uploads\/2016\/01\/posadzki_przemyslowe_logo.png\",\"width\":300,\"height\":83,\"caption\":\"INDUSTRIAL FLOOR SYSTEMS\"},\"image\":{\"@id\":\"https:\/\/floorsystems.pl\/#\/schema\/logo\/image\/\"}}]}<\/script>\n<!-- \/ Yoast SEO plugin. -->","yoast_head_json":{"title":"Superfloor\u2122 Gold - Posadzki Przemys\u0142owe - Industrial Floor Systems","description":"Posadzki przemys\u0142owe Superfloor","robots":{"index":"index","follow":"follow","max-snippet":"max-snippet:-1","max-image-preview":"max-image-preview:large","max-video-preview":"max-video-preview:-1"},"canonical":"https:\/\/floorsystems.pl\/index.php\/superfloor\/superfloor-gold\/","og_locale":"en_US","og_type":"article","og_title":"Superfloor\u2122 Gold - Posadzki Przemys\u0142owe - Industrial Floor Systems","og_description":"Posadzki przemys\u0142owe Superfloor","og_url":"https:\/\/floorsystems.pl\/index.php\/superfloor\/superfloor-gold\/","og_site_name":"Posadzki Przemys\u0142owe - Industrial Floor Systems","article_modified_time":"2011-01-23T22:51:29+00:00","twitter_card":"summary_large_image","schema":{"@context":"https:\/\/schema.org","@graph":[{"@type":"WebPage","@id":"https:\/\/floorsystems.pl\/index.php\/superfloor\/superfloor-gold\/","url":"https:\/\/floorsystems.pl\/index.php\/superfloor\/superfloor-gold\/","name":"Superfloor\u2122 Gold - Posadzki Przemys\u0142owe - Industrial Floor Systems","isPartOf":{"@id":"https:\/\/floorsystems.pl\/#website"},"datePublished":"2010-11-09T14:34:03+00:00","dateModified":"2011-01-23T22:51:29+00:00","description":"Posadzki przemys\u0142owe Superfloor","breadcrumb":{"@id":"https:\/\/floorsystems.pl\/index.php\/superfloor\/superfloor-gold\/#breadcrumb"},"inLanguage":"en-US","potentialAction":[{"@type":"ReadAction","target":["https:\/\/floorsystems.pl\/index.php\/superfloor\/superfloor-gold\/"]}]},{"@type":"BreadcrumbList","@id":"https:\/\/floorsystems.pl\/index.php\/superfloor\/superfloor-gold\/#breadcrumb","itemListElement":[{"@type":"ListItem","position":1,"name":"Home","item":"https:\/\/floorsystems.pl\/"},{"@type":"ListItem","position":2,"name":"Superfloor","item":"https:\/\/floorsystems.pl\/index.php\/superfloor\/"},{"@type":"ListItem","position":3,"name":"Superfloor\u2122 Gold"}]},{"@type":"WebSite","@id":"https:\/\/floorsystems.pl\/#website","url":"https:\/\/floorsystems.pl\/","name":"Posadzki Przemys\u0142owe - Industrial Floor Systems","description":"Posadzki Przemys\u0142owe","publisher":{"@id":"https:\/\/floorsystems.pl\/#organization"},"potentialAction":[{"@type":"SearchAction","target":{"@type":"EntryPoint","urlTemplate":"https:\/\/floorsystems.pl\/?s={search_term_string}"},"query-input":{"@type":"PropertyValueSpecification","valueRequired":true,"valueName":"search_term_string"}}],"inLanguage":"en-US"},{"@type":"Organization","@id":"https:\/\/floorsystems.pl\/#organization","name":"INDUSTRIAL FLOOR SYSTEMS","url":"https:\/\/floorsystems.pl\/","logo":{"@type":"ImageObject","inLanguage":"en-US","@id":"https:\/\/floorsystems.pl\/#\/schema\/logo\/image\/","url":"https:\/\/floorsystems.pl\/wp-content\/uploads\/2016\/01\/posadzki_przemyslowe_logo.png","contentUrl":"https:\/\/floorsystems.pl\/wp-content\/uploads\/2016\/01\/posadzki_przemyslowe_logo.png","width":300,"height":83,"caption":"INDUSTRIAL FLOOR SYSTEMS"},"image":{"@id":"https:\/\/floorsystems.pl\/#\/schema\/logo\/image\/"}}]}},"_links":{"self":[{"href":"https:\/\/floorsystems.pl\/index.php\/wp-json\/wp\/v2\/pages\/56","targetHints":{"allow":["GET"]}}],"collection":[{"href":"https:\/\/floorsystems.pl\/index.php\/wp-json\/wp\/v2\/pages"}],"about":[{"href":"https:\/\/floorsystems.pl\/index.php\/wp-json\/wp\/v2\/types\/page"}],"author":[{"embeddable":true,"href":"https:\/\/floorsystems.pl\/index.php\/wp-json\/wp\/v2\/users\/1"}],"replies":[{"embeddable":true,"href":"https:\/\/floorsystems.pl\/index.php\/wp-json\/wp\/v2\/comments?post=56"}],"version-history":[{"count":5,"href":"https:\/\/floorsystems.pl\/index.php\/wp-json\/wp\/v2\/pages\/56\/revisions"}],"predecessor-version":[{"id":361,"href":"https:\/\/floorsystems.pl\/index.php\/wp-json\/wp\/v2\/pages\/56\/revisions\/361"}],"up":[{"embeddable":true,"href":"https:\/\/floorsystems.pl\/index.php\/wp-json\/wp\/v2\/pages\/30"}],"wp:attachment":[{"href":"https:\/\/floorsystems.pl\/index.php\/wp-json\/wp\/v2\/media?parent=56"}],"curies":[{"name":"wp","href":"https:\/\/api.w.org\/{rel}","templated":true}]}}