{"id":530,"date":"2014-09-06T05:26:32","date_gmt":"2014-09-06T05:26:32","guid":{"rendered":"http:\/\/limon\/doors\/?page_id=248"},"modified":"2016-01-06T21:32:13","modified_gmt":"2016-01-06T21:32:13","slug":"recetn-blog","status":"publish","type":"page","link":"https:\/\/floorsystems.pl\/index.php\/recetn-blog\/","title":{"rendered":"Blog"},"content":{"rendered":"<div class=\"container\"><div class=\"row servicegenerator\"><div class=\"col-sm-12 col-md-6\">\n\t\t\t\t\t<div class=\"single-blog wow fadeInUp\" data-wow-duration=\"700ms\" data-wow-delay=\"300ms\">\n\t\t\t\t\t\t<div class=\"blog-image\">\n\t\t\t\t\t\t\t<a href=\"https:\/\/floorsystems.pl\/index.php\/2011\/02\/21\/posadzki-betonowe\/\"><img decoding=\"async\" src=\"http:\/\/placehold.it\/240x355\" alt=\"POSADZKI BETONOWE\" class=\"img-responsive\"\/><\/a>\n\t\t\t\t\t\t\t<div class=\"post-date\">\n\t\t\t\t\t\t\t\t<p>21<span>February<\/span><\/p>\n\t\t\t\t\t\t\t<\/div>\n\t\t\t\t\t\t<\/div>\n\t\t\t\t\t\t<div class=\"entry-content\">\t\t\t\t\t\t\t\n\t\t\t\t\t\t\t<a href=\"https:\/\/floorsystems.pl\/index.php\/2011\/02\/21\/posadzki-betonowe\/\"><h2>POSADZKI BETONOWE<\/h2><\/a>\n\t\t\t\t\t\t\t<div class=\"entry-meta\">\n\t\t\t\t\t\t\t\t<span><a href=\"#\"><i class=\"fa fa-user\"><\/i> Posted By: wojdylam<\/a><\/span>\n\t\t\t\t\t\t\t\t<span><a href=\"#\"><i class=\"fa fa-comments\"><\/i> 0<\/a><\/span>\n\t\t\t\t\t\t\t<\/div>\n\t\t\t\t\t\t\t<p><div id=\"_mcePaste\">Konstrukcja posadzek betonowych w halach przemys\u0142owych niewiele\u00a0odbiega od konstrukcji na<\/p>\n\t\t\t\t\t\t\t<a href=\"https:\/\/floorsystems.pl\/index.php\/2011\/02\/21\/posadzki-betonowe\/\" class=\"btn btn-primary\">Read More<\/a>\n\t\t\t\t\t\t<\/div>\n\t\t\t\t\t<\/div>\n\t\t\t\t<\/div><div class=\"col-sm-12 col-md-6\">\n\t\t\t\t\t<div class=\"single-blog wow fadeInUp\" data-wow-duration=\"700ms\" data-wow-delay=\"300ms\">\n\t\t\t\t\t\t<div class=\"blog-image\">\n\t\t\t\t\t\t\t<a href=\"https:\/\/floorsystems.pl\/index.php\/2011\/02\/21\/posadzki-przemyslowe-4\/\"><img decoding=\"async\" src=\"http:\/\/placehold.it\/240x355\" alt=\"POSADZKI PRZEMYS\u0141OWE\" class=\"img-responsive\"\/><\/a>\n\t\t\t\t\t\t\t<div class=\"post-date\">\n\t\t\t\t\t\t\t\t<p>21<span>February<\/span><\/p>\n\t\t\t\t\t\t\t<\/div>\n\t\t\t\t\t\t<\/div>\n\t\t\t\t\t\t<div class=\"entry-content\">\t\t\t\t\t\t\t\n\t\t\t\t\t\t\t<a href=\"https:\/\/floorsystems.pl\/index.php\/2011\/02\/21\/posadzki-przemyslowe-4\/\"><h2>POSADZKI PRZEMYS\u0141OWE<\/h2><\/a>\n\t\t\t\t\t\t\t<div class=\"entry-meta\">\n\t\t\t\t\t\t\t\t<span><a href=\"#\"><i class=\"fa fa-user\"><\/i> Posted By: wojdylam<\/a><\/span>\n\t\t\t\t\t\t\t\t<span><a href=\"#\"><i class=\"fa fa-comments\"><\/i> 0<\/a><\/span>\n\t\t\t\t\t\t\t<\/div>\n\t\t\t\t\t\t\t<p><div id=\"_mcePaste\">Jednym z najwa\u017cniejszych element\u00f3w budynku jest pod\u0142oga. Posadzka<\/div>\r\n<div id=\"_mcePa<\/p>\n\t\t\t\t\t\t\t<a href=\"https:\/\/floorsystems.pl\/index.php\/2011\/02\/21\/posadzki-przemyslowe-4\/\" class=\"btn btn-primary\">Read More<\/a>\n\t\t\t\t\t\t<\/div>\n\t\t\t\t\t<\/div>\n\t\t\t\t<\/div><\/div><\/div>\n<p>&nbsp;<\/p>\n","protected":false},"excerpt":{"rendered":"<p>&nbsp;<\/p>\n","protected":false},"author":1,"featured_media":0,"parent":0,"menu_order":0,"comment_status":"open","ping_status":"closed","template":"","meta":{"footnotes":""},"class_list":["post-530","page","type-page","status-publish","hentry"],"yoast_head":"<!-- This site is optimized with the Yoast SEO plugin v27.2 - https:\/\/yoast.com\/product\/yoast-seo-wordpress\/ -->\n<title>Blog - Posadzki Przemys\u0142owe - Industrial Floor Systems<\/title>\n<meta name=\"description\" content=\"Posadzki przemys\u0142owe Superfloor\" \/>\n<meta name=\"robots\" content=\"index, follow, max-snippet:-1, max-image-preview:large, max-video-preview:-1\" \/>\n<link rel=\"canonical\" href=\"https:\/\/floorsystems.pl\/index.php\/recetn-blog\/\" \/>\n<meta property=\"og:locale\" content=\"en_US\" \/>\n<meta property=\"og:type\" content=\"article\" \/>\n<meta property=\"og:title\" content=\"Blog - Posadzki Przemys\u0142owe - Industrial Floor Systems\" \/>\n<meta property=\"og:description\" content=\"Posadzki przemys\u0142owe Superfloor\" \/>\n<meta property=\"og:url\" content=\"https:\/\/floorsystems.pl\/index.php\/recetn-blog\/\" \/>\n<meta property=\"og:site_name\" content=\"Posadzki Przemys\u0142owe - Industrial Floor Systems\" \/>\n<meta property=\"article:modified_time\" content=\"2016-01-06T21:32:13+00:00\" \/>\n<meta name=\"twitter:card\" content=\"summary_large_image\" \/>\n<script type=\"application\/ld+json\" class=\"yoast-schema-graph\">{\"@context\":\"https:\/\/schema.org\",\"@graph\":[{\"@type\":\"WebPage\",\"@id\":\"https:\/\/floorsystems.pl\/index.php\/recetn-blog\/\",\"url\":\"https:\/\/floorsystems.pl\/index.php\/recetn-blog\/\",\"name\":\"Blog - Posadzki Przemys\u0142owe - Industrial Floor Systems\",\"isPartOf\":{\"@id\":\"https:\/\/floorsystems.pl\/#website\"},\"datePublished\":\"2014-09-06T05:26:32+00:00\",\"dateModified\":\"2016-01-06T21:32:13+00:00\",\"description\":\"Posadzki przemys\u0142owe Superfloor\",\"breadcrumb\":{\"@id\":\"https:\/\/floorsystems.pl\/index.php\/recetn-blog\/#breadcrumb\"},\"inLanguage\":\"en-US\",\"potentialAction\":[{\"@type\":\"ReadAction\",\"target\":[\"https:\/\/floorsystems.pl\/index.php\/recetn-blog\/\"]}]},{\"@type\":\"BreadcrumbList\",\"@id\":\"https:\/\/floorsystems.pl\/index.php\/recetn-blog\/#breadcrumb\",\"itemListElement\":[{\"@type\":\"ListItem\",\"position\":1,\"name\":\"Home\",\"item\":\"https:\/\/floorsystems.pl\/\"},{\"@type\":\"ListItem\",\"position\":2,\"name\":\"Blog\"}]},{\"@type\":\"WebSite\",\"@id\":\"https:\/\/floorsystems.pl\/#website\",\"url\":\"https:\/\/floorsystems.pl\/\",\"name\":\"Posadzki Przemys\u0142owe - Industrial Floor Systems\",\"description\":\"Posadzki Przemys\u0142owe\",\"publisher\":{\"@id\":\"https:\/\/floorsystems.pl\/#organization\"},\"potentialAction\":[{\"@type\":\"SearchAction\",\"target\":{\"@type\":\"EntryPoint\",\"urlTemplate\":\"https:\/\/floorsystems.pl\/?s={search_term_string}\"},\"query-input\":{\"@type\":\"PropertyValueSpecification\",\"valueRequired\":true,\"valueName\":\"search_term_string\"}}],\"inLanguage\":\"en-US\"},{\"@type\":\"Organization\",\"@id\":\"https:\/\/floorsystems.pl\/#organization\",\"name\":\"INDUSTRIAL FLOOR SYSTEMS\",\"url\":\"https:\/\/floorsystems.pl\/\",\"logo\":{\"@type\":\"ImageObject\",\"inLanguage\":\"en-US\",\"@id\":\"https:\/\/floorsystems.pl\/#\/schema\/logo\/image\/\",\"url\":\"https:\/\/floorsystems.pl\/wp-content\/uploads\/2016\/01\/posadzki_przemyslowe_logo.png\",\"contentUrl\":\"https:\/\/floorsystems.pl\/wp-content\/uploads\/2016\/01\/posadzki_przemyslowe_logo.png\",\"width\":300,\"height\":83,\"caption\":\"INDUSTRIAL FLOOR SYSTEMS\"},\"image\":{\"@id\":\"https:\/\/floorsystems.pl\/#\/schema\/logo\/image\/\"}}]}<\/script>\n<!-- \/ Yoast SEO plugin. -->","yoast_head_json":{"title":"Blog - Posadzki Przemys\u0142owe - Industrial Floor Systems","description":"Posadzki przemys\u0142owe Superfloor","robots":{"index":"index","follow":"follow","max-snippet":"max-snippet:-1","max-image-preview":"max-image-preview:large","max-video-preview":"max-video-preview:-1"},"canonical":"https:\/\/floorsystems.pl\/index.php\/recetn-blog\/","og_locale":"en_US","og_type":"article","og_title":"Blog - Posadzki Przemys\u0142owe - Industrial Floor Systems","og_description":"Posadzki przemys\u0142owe Superfloor","og_url":"https:\/\/floorsystems.pl\/index.php\/recetn-blog\/","og_site_name":"Posadzki Przemys\u0142owe - Industrial Floor Systems","article_modified_time":"2016-01-06T21:32:13+00:00","twitter_card":"summary_large_image","schema":{"@context":"https:\/\/schema.org","@graph":[{"@type":"WebPage","@id":"https:\/\/floorsystems.pl\/index.php\/recetn-blog\/","url":"https:\/\/floorsystems.pl\/index.php\/recetn-blog\/","name":"Blog - Posadzki Przemys\u0142owe - Industrial Floor Systems","isPartOf":{"@id":"https:\/\/floorsystems.pl\/#website"},"datePublished":"2014-09-06T05:26:32+00:00","dateModified":"2016-01-06T21:32:13+00:00","description":"Posadzki przemys\u0142owe Superfloor","breadcrumb":{"@id":"https:\/\/floorsystems.pl\/index.php\/recetn-blog\/#breadcrumb"},"inLanguage":"en-US","potentialAction":[{"@type":"ReadAction","target":["https:\/\/floorsystems.pl\/index.php\/recetn-blog\/"]}]},{"@type":"BreadcrumbList","@id":"https:\/\/floorsystems.pl\/index.php\/recetn-blog\/#breadcrumb","itemListElement":[{"@type":"ListItem","position":1,"name":"Home","item":"https:\/\/floorsystems.pl\/"},{"@type":"ListItem","position":2,"name":"Blog"}]},{"@type":"WebSite","@id":"https:\/\/floorsystems.pl\/#website","url":"https:\/\/floorsystems.pl\/","name":"Posadzki Przemys\u0142owe - Industrial Floor Systems","description":"Posadzki Przemys\u0142owe","publisher":{"@id":"https:\/\/floorsystems.pl\/#organization"},"potentialAction":[{"@type":"SearchAction","target":{"@type":"EntryPoint","urlTemplate":"https:\/\/floorsystems.pl\/?s={search_term_string}"},"query-input":{"@type":"PropertyValueSpecification","valueRequired":true,"valueName":"search_term_string"}}],"inLanguage":"en-US"},{"@type":"Organization","@id":"https:\/\/floorsystems.pl\/#organization","name":"INDUSTRIAL FLOOR SYSTEMS","url":"https:\/\/floorsystems.pl\/","logo":{"@type":"ImageObject","inLanguage":"en-US","@id":"https:\/\/floorsystems.pl\/#\/schema\/logo\/image\/","url":"https:\/\/floorsystems.pl\/wp-content\/uploads\/2016\/01\/posadzki_przemyslowe_logo.png","contentUrl":"https:\/\/floorsystems.pl\/wp-content\/uploads\/2016\/01\/posadzki_przemyslowe_logo.png","width":300,"height":83,"caption":"INDUSTRIAL FLOOR SYSTEMS"},"image":{"@id":"https:\/\/floorsystems.pl\/#\/schema\/logo\/image\/"}}]}},"_links":{"self":[{"href":"https:\/\/floorsystems.pl\/index.php\/wp-json\/wp\/v2\/pages\/530","targetHints":{"allow":["GET"]}}],"collection":[{"href":"https:\/\/floorsystems.pl\/index.php\/wp-json\/wp\/v2\/pages"}],"about":[{"href":"https:\/\/floorsystems.pl\/index.php\/wp-json\/wp\/v2\/types\/page"}],"author":[{"embeddable":true,"href":"https:\/\/floorsystems.pl\/index.php\/wp-json\/wp\/v2\/users\/1"}],"replies":[{"embeddable":true,"href":"https:\/\/floorsystems.pl\/index.php\/wp-json\/wp\/v2\/comments?post=530"}],"version-history":[{"count":3,"href":"https:\/\/floorsystems.pl\/index.php\/wp-json\/wp\/v2\/pages\/530\/revisions"}],"predecessor-version":[{"id":653,"href":"https:\/\/floorsystems.pl\/index.php\/wp-json\/wp\/v2\/pages\/530\/revisions\/653"}],"wp:attachment":[{"href":"https:\/\/floorsystems.pl\/index.php\/wp-json\/wp\/v2\/media?parent=530"}],"curies":[{"name":"wp","href":"https:\/\/api.w.org\/{rel}","templated":true}]}}