{"id":53,"date":"2010-11-09T15:30:15","date_gmt":"2010-11-09T14:30:15","guid":{"rendered":"http:\/\/beton-dekoracyjny.pl\/?page_id=53"},"modified":"2011-01-23T23:51:35","modified_gmt":"2011-01-23T22:51:35","slug":"superfloor-platinum","status":"publish","type":"page","link":"https:\/\/floorsystems.pl\/index.php\/superfloor\/superfloor-platinum\/","title":{"rendered":"Superfloor\u2122 Platinum"},"content":{"rendered":"<p><strong>Platinum <\/strong>jest koncepcj\u0105 kt\u00f3r\u0105 zwykle zalecamy naszym klientom.\u00a0Polega ona na dok\u0142adniejszym etapie szlifowania ni\u017c inne koncepcje.\u00a0Efektem jest bezkonkurencyjnie trwa\u0142a pod\u0142oga.\u00a0Ko\u0142a samochod\u00f3w ci\u0119\u017carowych i substancji nie pozostawiaj\u0105 \u017cadnych \u015blad\u00f3w na b\u0142yszcz\u0105cej powierzchni a\u00a0 \u015bwiat\u0142o delikatnie odbija si\u0119 od pod\u0142ogi.<\/p>\n","protected":false},"excerpt":{"rendered":"<p>Platinum jest koncepcj\u0105 kt\u00f3r\u0105 zwykle zalecamy naszym klientom.\u00a0Polega ona na dok\u0142adniejszym etapie szlifowania ni\u017c inne koncepcje.\u00a0Efektem jest bezkonkurencyjnie trwa\u0142a pod\u0142oga.\u00a0Ko\u0142a samochod\u00f3w ci\u0119\u017carowych i substancji nie pozostawiaj\u0105 \u017cadnych \u015blad\u00f3w na b\u0142yszcz\u0105cej powierzchni a\u00a0 \u015bwiat\u0142o delikatnie odbija si\u0119 od pod\u0142ogi.<\/p>\n","protected":false},"author":1,"featured_media":0,"parent":30,"menu_order":22,"comment_status":"closed","ping_status":"closed","template":"","meta":{"footnotes":""},"class_list":["post-53","page","type-page","status-publish","hentry"],"yoast_head":"<!-- This site is optimized with the Yoast SEO plugin v27.2 - https:\/\/yoast.com\/product\/yoast-seo-wordpress\/ -->\n<title>Superfloor\u2122 Platinum - Posadzki Przemys\u0142owe - Industrial Floor Systems<\/title>\n<meta name=\"description\" content=\"Posadzki przemys\u0142owe Superfloor\" \/>\n<meta name=\"robots\" content=\"index, follow, max-snippet:-1, max-image-preview:large, max-video-preview:-1\" \/>\n<link rel=\"canonical\" href=\"https:\/\/floorsystems.pl\/index.php\/superfloor\/superfloor-platinum\/\" \/>\n<meta property=\"og:locale\" content=\"en_US\" \/>\n<meta property=\"og:type\" content=\"article\" \/>\n<meta property=\"og:title\" content=\"Superfloor\u2122 Platinum - Posadzki Przemys\u0142owe - Industrial Floor Systems\" \/>\n<meta property=\"og:description\" content=\"Posadzki przemys\u0142owe Superfloor\" \/>\n<meta property=\"og:url\" content=\"https:\/\/floorsystems.pl\/index.php\/superfloor\/superfloor-platinum\/\" \/>\n<meta property=\"og:site_name\" content=\"Posadzki Przemys\u0142owe - Industrial Floor Systems\" \/>\n<meta property=\"article:modified_time\" content=\"2011-01-23T22:51:35+00:00\" \/>\n<meta name=\"twitter:card\" content=\"summary_large_image\" \/>\n<script type=\"application\/ld+json\" class=\"yoast-schema-graph\">{\"@context\":\"https:\/\/schema.org\",\"@graph\":[{\"@type\":\"WebPage\",\"@id\":\"https:\/\/floorsystems.pl\/index.php\/superfloor\/superfloor-platinum\/\",\"url\":\"https:\/\/floorsystems.pl\/index.php\/superfloor\/superfloor-platinum\/\",\"name\":\"Superfloor\u2122 Platinum - Posadzki Przemys\u0142owe - Industrial Floor Systems\",\"isPartOf\":{\"@id\":\"https:\/\/floorsystems.pl\/#website\"},\"datePublished\":\"2010-11-09T14:30:15+00:00\",\"dateModified\":\"2011-01-23T22:51:35+00:00\",\"description\":\"Posadzki przemys\u0142owe Superfloor\",\"breadcrumb\":{\"@id\":\"https:\/\/floorsystems.pl\/index.php\/superfloor\/superfloor-platinum\/#breadcrumb\"},\"inLanguage\":\"en-US\",\"potentialAction\":[{\"@type\":\"ReadAction\",\"target\":[\"https:\/\/floorsystems.pl\/index.php\/superfloor\/superfloor-platinum\/\"]}]},{\"@type\":\"BreadcrumbList\",\"@id\":\"https:\/\/floorsystems.pl\/index.php\/superfloor\/superfloor-platinum\/#breadcrumb\",\"itemListElement\":[{\"@type\":\"ListItem\",\"position\":1,\"name\":\"Home\",\"item\":\"https:\/\/floorsystems.pl\/\"},{\"@type\":\"ListItem\",\"position\":2,\"name\":\"Superfloor\",\"item\":\"https:\/\/floorsystems.pl\/index.php\/superfloor\/\"},{\"@type\":\"ListItem\",\"position\":3,\"name\":\"Superfloor\u2122 Platinum\"}]},{\"@type\":\"WebSite\",\"@id\":\"https:\/\/floorsystems.pl\/#website\",\"url\":\"https:\/\/floorsystems.pl\/\",\"name\":\"Posadzki Przemys\u0142owe - Industrial Floor Systems\",\"description\":\"Posadzki Przemys\u0142owe\",\"publisher\":{\"@id\":\"https:\/\/floorsystems.pl\/#organization\"},\"potentialAction\":[{\"@type\":\"SearchAction\",\"target\":{\"@type\":\"EntryPoint\",\"urlTemplate\":\"https:\/\/floorsystems.pl\/?s={search_term_string}\"},\"query-input\":{\"@type\":\"PropertyValueSpecification\",\"valueRequired\":true,\"valueName\":\"search_term_string\"}}],\"inLanguage\":\"en-US\"},{\"@type\":\"Organization\",\"@id\":\"https:\/\/floorsystems.pl\/#organization\",\"name\":\"INDUSTRIAL FLOOR SYSTEMS\",\"url\":\"https:\/\/floorsystems.pl\/\",\"logo\":{\"@type\":\"ImageObject\",\"inLanguage\":\"en-US\",\"@id\":\"https:\/\/floorsystems.pl\/#\/schema\/logo\/image\/\",\"url\":\"https:\/\/floorsystems.pl\/wp-content\/uploads\/2016\/01\/posadzki_przemyslowe_logo.png\",\"contentUrl\":\"https:\/\/floorsystems.pl\/wp-content\/uploads\/2016\/01\/posadzki_przemyslowe_logo.png\",\"width\":300,\"height\":83,\"caption\":\"INDUSTRIAL FLOOR SYSTEMS\"},\"image\":{\"@id\":\"https:\/\/floorsystems.pl\/#\/schema\/logo\/image\/\"}}]}<\/script>\n<!-- \/ Yoast SEO plugin. -->","yoast_head_json":{"title":"Superfloor\u2122 Platinum - Posadzki Przemys\u0142owe - Industrial Floor Systems","description":"Posadzki przemys\u0142owe Superfloor","robots":{"index":"index","follow":"follow","max-snippet":"max-snippet:-1","max-image-preview":"max-image-preview:large","max-video-preview":"max-video-preview:-1"},"canonical":"https:\/\/floorsystems.pl\/index.php\/superfloor\/superfloor-platinum\/","og_locale":"en_US","og_type":"article","og_title":"Superfloor\u2122 Platinum - Posadzki Przemys\u0142owe - Industrial Floor Systems","og_description":"Posadzki przemys\u0142owe Superfloor","og_url":"https:\/\/floorsystems.pl\/index.php\/superfloor\/superfloor-platinum\/","og_site_name":"Posadzki Przemys\u0142owe - Industrial Floor Systems","article_modified_time":"2011-01-23T22:51:35+00:00","twitter_card":"summary_large_image","schema":{"@context":"https:\/\/schema.org","@graph":[{"@type":"WebPage","@id":"https:\/\/floorsystems.pl\/index.php\/superfloor\/superfloor-platinum\/","url":"https:\/\/floorsystems.pl\/index.php\/superfloor\/superfloor-platinum\/","name":"Superfloor\u2122 Platinum - Posadzki Przemys\u0142owe - Industrial Floor Systems","isPartOf":{"@id":"https:\/\/floorsystems.pl\/#website"},"datePublished":"2010-11-09T14:30:15+00:00","dateModified":"2011-01-23T22:51:35+00:00","description":"Posadzki przemys\u0142owe Superfloor","breadcrumb":{"@id":"https:\/\/floorsystems.pl\/index.php\/superfloor\/superfloor-platinum\/#breadcrumb"},"inLanguage":"en-US","potentialAction":[{"@type":"ReadAction","target":["https:\/\/floorsystems.pl\/index.php\/superfloor\/superfloor-platinum\/"]}]},{"@type":"BreadcrumbList","@id":"https:\/\/floorsystems.pl\/index.php\/superfloor\/superfloor-platinum\/#breadcrumb","itemListElement":[{"@type":"ListItem","position":1,"name":"Home","item":"https:\/\/floorsystems.pl\/"},{"@type":"ListItem","position":2,"name":"Superfloor","item":"https:\/\/floorsystems.pl\/index.php\/superfloor\/"},{"@type":"ListItem","position":3,"name":"Superfloor\u2122 Platinum"}]},{"@type":"WebSite","@id":"https:\/\/floorsystems.pl\/#website","url":"https:\/\/floorsystems.pl\/","name":"Posadzki Przemys\u0142owe - Industrial Floor Systems","description":"Posadzki Przemys\u0142owe","publisher":{"@id":"https:\/\/floorsystems.pl\/#organization"},"potentialAction":[{"@type":"SearchAction","target":{"@type":"EntryPoint","urlTemplate":"https:\/\/floorsystems.pl\/?s={search_term_string}"},"query-input":{"@type":"PropertyValueSpecification","valueRequired":true,"valueName":"search_term_string"}}],"inLanguage":"en-US"},{"@type":"Organization","@id":"https:\/\/floorsystems.pl\/#organization","name":"INDUSTRIAL FLOOR SYSTEMS","url":"https:\/\/floorsystems.pl\/","logo":{"@type":"ImageObject","inLanguage":"en-US","@id":"https:\/\/floorsystems.pl\/#\/schema\/logo\/image\/","url":"https:\/\/floorsystems.pl\/wp-content\/uploads\/2016\/01\/posadzki_przemyslowe_logo.png","contentUrl":"https:\/\/floorsystems.pl\/wp-content\/uploads\/2016\/01\/posadzki_przemyslowe_logo.png","width":300,"height":83,"caption":"INDUSTRIAL FLOOR SYSTEMS"},"image":{"@id":"https:\/\/floorsystems.pl\/#\/schema\/logo\/image\/"}}]}},"_links":{"self":[{"href":"https:\/\/floorsystems.pl\/index.php\/wp-json\/wp\/v2\/pages\/53","targetHints":{"allow":["GET"]}}],"collection":[{"href":"https:\/\/floorsystems.pl\/index.php\/wp-json\/wp\/v2\/pages"}],"about":[{"href":"https:\/\/floorsystems.pl\/index.php\/wp-json\/wp\/v2\/types\/page"}],"author":[{"embeddable":true,"href":"https:\/\/floorsystems.pl\/index.php\/wp-json\/wp\/v2\/users\/1"}],"replies":[{"embeddable":true,"href":"https:\/\/floorsystems.pl\/index.php\/wp-json\/wp\/v2\/comments?post=53"}],"version-history":[{"count":6,"href":"https:\/\/floorsystems.pl\/index.php\/wp-json\/wp\/v2\/pages\/53\/revisions"}],"predecessor-version":[{"id":362,"href":"https:\/\/floorsystems.pl\/index.php\/wp-json\/wp\/v2\/pages\/53\/revisions\/362"}],"up":[{"embeddable":true,"href":"https:\/\/floorsystems.pl\/index.php\/wp-json\/wp\/v2\/pages\/30"}],"wp:attachment":[{"href":"https:\/\/floorsystems.pl\/index.php\/wp-json\/wp\/v2\/media?parent=53"}],"curies":[{"name":"wp","href":"https:\/\/api.w.org\/{rel}","templated":true}]}}